{"id":10,"date":"2018-02-13T19:28:17","date_gmt":"2018-02-13T19:28:17","guid":{"rendered":"https:\/\/cise.pucp.edu.pe\/observatorio\/?page_id=10"},"modified":"2023-10-09T14:46:10","modified_gmt":"2023-10-09T14:46:10","slug":"sobre-el-observatorio","status":"publish","type":"page","link":"https:\/\/cise.pucp.edu.pe\/observatorio\/sobre-el-observatorio\/","title":{"rendered":"Sobre el Observatorio"},"content":{"rendered":"<p style=\"text-align: left;\">El&nbsp;<strong>Observatorio GRIEdu<\/strong>&nbsp;es una plataforma virtual para el reconocimiento y acceso a organizaciones dedicadas a la investigaci\u00f3n educativa a nivel internacional. Los grupos, redes y otras organizaciones dedicadas a la investigaci\u00f3n educativa se han convertido en actores claves en la producci\u00f3n y difusi\u00f3n del conocimiento especializado en educaci\u00f3n, en base a un trabajo colaborativo y cada vez m\u00e1s multidisciplinario.<\/p>\n<p style=\"text-align: left;\">De manera continua, el&nbsp;<strong>Observatorio GRIEdu<\/strong>&nbsp;actualiza y organiza la informaci\u00f3n de una creciente diversidad de grupos, redes y organizaciones, caracterizados por su especializaci\u00f3n en el estudio de temas espec\u00edficos relacionados al campo de la educaci\u00f3n b\u00e1sica, superior y otros.<\/p>\n<p style=\"text-align: left;\">Debido a su importancia, las organizaciones dedicadas a la investigaci\u00f3n educativa son estudiadas desde diversas perspectivas y autores que son tambi\u00e9n registrados en esta plataforma. Asimismo, en el&nbsp;<strong>Observatorio GRIEdu<\/strong>&nbsp;se difunden eventos y otras actividades que realizan estas organizaciones involucradas en investigar diversos aspectos de la realidad educativa.&nbsp;Desde este espacio virtual, el CISE asume el compromiso de contribuir a la promoci\u00f3n y difusi\u00f3n de los actores de la investigaci\u00f3n educativa.<\/p>\n<p style=\"text-align: left;\"><em>Video de presentaci\u00f3n del Observatorio GRIEdu<\/em><\/p>\n\n\n<div style=\"height:20px\" aria-hidden=\"true\" class=\"wp-block-spacer\"><\/div>\n\n\n\n<figure class=\"wp-block-embed-youtube wp-block-embed is-type-video is-provider-youtube wp-embed-aspect-16-9 wp-has-aspect-ratio\"><div class=\"wp-block-embed__wrapper\">\n<iframe loading=\"lazy\" title=\"Observatorio GRIEdu | Grupos y redes de investigaci\u00f3n educativa\" width=\"500\" height=\"281\" src=\"https:\/\/www.youtube.com\/embed\/81cVfK8Jlx4?feature=oembed\" frameborder=\"0\" allow=\"accelerometer; autoplay; clipboard-write; encrypted-media; gyroscope; picture-in-picture; web-share\" referrerpolicy=\"strict-origin-when-cross-origin\" allowfullscreen><\/iframe>\n<\/div><\/figure>\n\n\n\n<div style=\"height:35px\" aria-hidden=\"true\" class=\"wp-block-spacer\"><\/div>\n\n\n\n<p>Si su organizaci\u00f3n no se encuentra a\u00fan en nuestra base de datos o desea comunicar alguna actividad o estudio, por favor,&nbsp;<a href=\"http:\/\/cise.pucp.edu.pe\/contacto\/\">cont\u00e1ctenos<\/a>.<\/p>\n","protected":false},"excerpt":{"rendered":"<p>El&nbsp;Observatorio GRIEdu&nbsp;es una plataforma virtual para el reconocimiento y acceso a organizaciones dedicadas a la investigaci\u00f3n educativa a nivel internacional. Los grupos, redes y otras organizaciones dedicadas a la investigaci\u00f3n educativa se han convertido en actores claves en la producci\u00f3n y difusi\u00f3n del conocimiento especializado en educaci\u00f3n, en base a un trabajo colaborativo y cada [&hellip;]<\/p>\n","protected":false},"author":3,"featured_media":7384,"parent":0,"menu_order":0,"comment_status":"closed","ping_status":"closed","template":"","meta":{"_acf_changed":false,"footnotes":""},"class_list":["post-10","page","type-page","status-publish","has-post-thumbnail","hentry"],"acf":[],"_links":{"self":[{"href":"https:\/\/cise.pucp.edu.pe\/observatorio\/wp-json\/wp\/v2\/pages\/10","targetHints":{"allow":["GET"]}}],"collection":[{"href":"https:\/\/cise.pucp.edu.pe\/observatorio\/wp-json\/wp\/v2\/pages"}],"about":[{"href":"https:\/\/cise.pucp.edu.pe\/observatorio\/wp-json\/wp\/v2\/types\/page"}],"author":[{"embeddable":true,"href":"https:\/\/cise.pucp.edu.pe\/observatorio\/wp-json\/wp\/v2\/users\/3"}],"replies":[{"embeddable":true,"href":"https:\/\/cise.pucp.edu.pe\/observatorio\/wp-json\/wp\/v2\/comments?post=10"}],"version-history":[{"count":16,"href":"https:\/\/cise.pucp.edu.pe\/observatorio\/wp-json\/wp\/v2\/pages\/10\/revisions"}],"predecessor-version":[{"id":12705,"href":"https:\/\/cise.pucp.edu.pe\/observatorio\/wp-json\/wp\/v2\/pages\/10\/revisions\/12705"}],"wp:featuredmedia":[{"embeddable":true,"href":"https:\/\/cise.pucp.edu.pe\/observatorio\/wp-json\/wp\/v2\/media\/7384"}],"wp:attachment":[{"href":"https:\/\/cise.pucp.edu.pe\/observatorio\/wp-json\/wp\/v2\/media?parent=10"}],"curies":[{"name":"wp","href":"https:\/\/api.w.org\/{rel}","templated":true}]}}